{"id":33,"date":"2024-11-13T09:10:33","date_gmt":"2024-11-13T14:10:33","guid":{"rendered":"https:\/\/visuar.com.co\/?page_id=33"},"modified":"2024-11-13T15:02:07","modified_gmt":"2024-11-13T20:02:07","slug":"nosotros","status":"publish","type":"page","link":"https:\/\/visuar.com.co\/index.php\/nosotros\/","title":{"rendered":"Nosotros"},"content":{"rendered":"<p>[et_pb_section fb_built=&#8221;1&#8243; _builder_version=&#8221;4.7.7&#8243; _module_preset=&#8221;default&#8221; background_image=&#8221;https:\/\/visuar.com.co\/wp-content\/uploads\/2024\/11\/Imagen1.jpg&#8221; parallax=&#8221;on&#8221; min_height=&#8221;818.8px&#8221; height=&#8221;625px&#8221; custom_margin=&#8221;||-445px|||&#8221; custom_padding=&#8221;||555px|||&#8221;][et_pb_row _builder_version=&#8221;4.7.7&#8243; _module_preset=&#8221;default&#8221; background_color=&#8221;rgba(0,0,0,0)&#8221;][et_pb_column type=&#8221;4_4&#8243; _builder_version=&#8221;4.7.7&#8243; _module_preset=&#8221;default&#8221;][et_pb_text _builder_version=&#8221;4.7.7&#8243; _module_preset=&#8221;default&#8221; background_color=&#8221;rgba(0,0,0,0.47)&#8221; custom_padding=&#8221;6px|10px||10px|false|false&#8221; hover_enabled=&#8221;0&#8243; border_radii=&#8221;on|4px|4px|4px|4px&#8221; sticky_enabled=&#8221;0&#8243;]<\/p>\n<h4 style=\"text-align: center;\"><span style=\"color: #ffffff;\">Somos una Compa\u00f1\u00eda con 27 a\u00f1os de experiencia, dedicada al dise\u00f1o, construcci\u00f3n y remodelaci\u00f3n de proyectos arquitect\u00f3nicos y urban\u00edsticos, tanto en el sector p\u00fablico como privado, respaldados en nuestro sistema de Gesti\u00f3n de Calidad.<\/span><\/h4>\n<p>[\/et_pb_text][et_pb_text _builder_version=&#8221;4.7.7&#8243; _module_preset=&#8221;default&#8221; background_color=&#8221;rgba(0,0,0,0.47)&#8221; custom_padding=&#8221;6px|10px||10px|false|false&#8221; hover_enabled=&#8221;0&#8243; border_radii=&#8221;on|4px|4px|4px|4px&#8221; sticky_enabled=&#8221;0&#8243;]<\/p>\n<h4 style=\"text-align: center;\"><span style=\"color: #ffffff;\">MISI\u00d3N: VISUAR S.A.S Es una empresa dedicada al dise\u00f1o arquitect\u00f3nico y urban\u00edstico, la construcci\u00f3n y remodelaci\u00f3n de oficinas, la ejecuci\u00f3n de proyectos arquitect\u00f3nicos y la interventor\u00eda de proyecto urban\u00edstico; basado en la experiencia obtenida en el desarrollo de diferentes contratos, tanto en el sector publico como privado y el respaldo de su Sistema de Gesti\u00f3n de Calidad. Buscando siempre satisfacci\u00f3n del cliente y cumpliendo sus expectativas.<\/span><\/h4>\n<p>[\/et_pb_text][et_pb_text _builder_version=&#8221;4.7.7&#8243; _module_preset=&#8221;default&#8221; background_color=&#8221;rgba(0,0,0,0.47)&#8221; custom_padding=&#8221;6px|10px||10px|false|false&#8221; hover_enabled=&#8221;0&#8243; border_radii=&#8221;on|4px|4px|4px|4px&#8221; sticky_enabled=&#8221;0&#8243;]<\/p>\n<h4 style=\"text-align: center;\"><span style=\"color: #ffffff;\">VISI\u00d3N: Ser una de las empresas de dise\u00f1o, remodelaci\u00f3n y construcci\u00f3n con participaci\u00f3n y proyecci\u00f3n en el \u00e1mbito local y nacional, tanto en el sector p\u00fablico como privado, con infraestructura propia, organizaci\u00f3n t\u00e9cnica y altamente calificada, habiendo participado en excelentes proyectos con la mayor calidad y con una base de personal competente y comprometido.<\/span><\/h4>\n<p>[\/et_pb_text][et_pb_text _builder_version=&#8221;4.7.7&#8243; _module_preset=&#8221;default&#8221; background_color=&#8221;rgba(0,0,0,0.47)&#8221; custom_padding=&#8221;6px|10px||10px|false|false&#8221; hover_enabled=&#8221;0&#8243; border_radii=&#8221;on|4px|4px|4px|4px&#8221; sticky_enabled=&#8221;0&#8243;]<\/p>\n<h4 style=\"text-align: center;\"><span style=\"color: #ffffff;\">POL\u00cdTICA:\u00a0Es pol\u00edtica de calidad de VISUAR S.A.S lograr la satisfacci\u00f3n del cliente en cuanto a sus necesidades, entreg\u00e1ndole el mejor producto y prest\u00e1ndole el mejor servicio que cumpla con las especificaciones t\u00e9cnicas establecidas, estructurando y manejando procesos eficientes y eficaces a trav\u00e9s de la optimizaci\u00f3n de los recursos y el cumplimiento de la legislaci\u00f3n vigente, consolidando un equipo interdisciplinario, competente y motivado; y as\u00ed lograr la mejora continua del Sistema de Gesti\u00f3n de Calidad y las buenas relaciones con el cliente y la compe<strong><\/strong><em><strong>tencia.<\/strong><\/em><\/span><\/h4>\n<p>[\/et_pb_text][\/et_pb_column][\/et_pb_row][\/et_pb_section]<\/p>\n","protected":false},"excerpt":{"rendered":"<p>[et_pb_section fb_built=&#8221;1&#8243; _builder_version=&#8221;4.7.7&#8243; _module_preset=&#8221;default&#8221; background_image=&#8221;https:\/\/visuar.com.co\/wp-content\/uploads\/2024\/11\/Imagen1.jpg&#8221; parallax=&#8221;on&#8221; min_height=&#8221;818.8px&#8221; height=&#8221;625px&#8221; custom_margin=&#8221;||-445px|||&#8221; custom_padding=&#8221;||555px|||&#8221;][et_pb_row _builder_version=&#8221;4.7.7&#8243; _module_preset=&#8221;default&#8221; background_color=&#8221;rgba(0,0,0,0)&#8221;][et_pb_column type=&#8221;4_4&#8243; _builder_version=&#8221;4.7.7&#8243; _module_preset=&#8221;default&#8221;][et_pb_text _builder_version=&#8221;4.7.7&#8243; _module_preset=&#8221;default&#8221; background_color=&#8221;rgba(0,0,0,0.47)&#8221; custom_padding=&#8221;6px|10px||10px|false|false&#8221; hover_enabled=&#8221;0&#8243; border_radii=&#8221;on|4px|4px|4px|4px&#8221; sticky_enabled=&#8221;0&#8243;] Somos una Compa\u00f1\u00eda con 27 a\u00f1os de experiencia, dedicada al dise\u00f1o, construcci\u00f3n y remodelaci\u00f3n de proyectos arquitect\u00f3nicos y urban\u00edsticos, tanto en el sector p\u00fablico como privado, respaldados en nuestro sistema de Gesti\u00f3n [&hellip;]<\/p>\n","protected":false},"author":1,"featured_media":0,"parent":0,"menu_order":0,"comment_status":"closed","ping_status":"closed","template":"","meta":{"_et_pb_use_builder":"on","_et_pb_old_content":"","_et_gb_content_width":"","footnotes":""},"class_list":["post-33","page","type-page","status-publish","hentry"],"_links":{"self":[{"href":"https:\/\/visuar.com.co\/index.php\/wp-json\/wp\/v2\/pages\/33","targetHints":{"allow":["GET"]}}],"collection":[{"href":"https:\/\/visuar.com.co\/index.php\/wp-json\/wp\/v2\/pages"}],"about":[{"href":"https:\/\/visuar.com.co\/index.php\/wp-json\/wp\/v2\/types\/page"}],"author":[{"embeddable":true,"href":"https:\/\/visuar.com.co\/index.php\/wp-json\/wp\/v2\/users\/1"}],"replies":[{"embeddable":true,"href":"https:\/\/visuar.com.co\/index.php\/wp-json\/wp\/v2\/comments?post=33"}],"version-history":[{"count":6,"href":"https:\/\/visuar.com.co\/index.php\/wp-json\/wp\/v2\/pages\/33\/revisions"}],"predecessor-version":[{"id":83,"href":"https:\/\/visuar.com.co\/index.php\/wp-json\/wp\/v2\/pages\/33\/revisions\/83"}],"wp:attachment":[{"href":"https:\/\/visuar.com.co\/index.php\/wp-json\/wp\/v2\/media?parent=33"}],"curies":[{"name":"wp","href":"https:\/\/api.w.org\/{rel}","templated":true}]}}